{"id":884,"date":"2021-12-06T19:30:25","date_gmt":"2021-12-06T18:30:25","guid":{"rendered":"https:\/\/residencecaffemaya.it\/?page_id=884"},"modified":"2021-12-06T20:26:15","modified_gmt":"2021-12-06T19:26:15","slug":"datenschutz-bestimmungen","status":"publish","type":"page","link":"https:\/\/residencecaffemaya.it\/de\/datenschutz-bestimmungen\/","title":{"rendered":"Datenschutz-Bestimmungen"},"content":{"rendered":"<div class=\"wpb_wrapper\">\n<div class=\"nectar-split-heading markup-generated animated-in\" data-animation-type=\"line-reveal-by-space\" data-animation-delay=\"0\" data-custom-font-size=\"false\">\n<h1><span class=\"inner\">Datenschutz<\/span> <span class=\"inner\">und<\/span> <span class=\"inner\">Nutzungsbedingungen<\/span> <span class=\"inner\">Informationen<\/span> <span class=\"inner\">zur<\/span> <span class=\"inner\">Vertraulichkeit<\/span> <span class=\"inner\">personenbezogener<\/span> <span class=\"inner\">Daten<\/span> <span class=\"inner\">_<\/span> <span class=\"inner\">_<\/span> <span class=\"inner\">_<\/span><\/h1>\n<\/div>\n<div class=\"divider-wrap\" data-alignment=\"center\">\n<div class=\"divider-small-border completed\" data-width=\"20%\" data-animate=\"yes\" data-animation-delay=\"\" data-color=\"accent-color\"><\/div>\n<\/div>\n<div class=\"nectar-animated-title completed\" data-style=\"color-strip-reveal\" data-color=\"extra-color-2\">\n<div class=\"nectar-animated-title-outer\">\n<div class=\"nectar-animated-title-inner\">\n<div class=\"wrap\">\n<h4>Einf\u00fchrung<\/h4>\n<\/div>\n<\/div>\n<\/div>\n<\/div>\n<div class=\"wpb_text_column wpb_content_element wpb_animate_when_almost_visible wpb_fadeIn fadeIn animated wpb_start_animation\">\n<div class=\"wpb_wrapper\">\n<p><em>Diese Informationen werden gem\u00e4\u00df Art. 13 der EU-Verordnung Nr. 2016\/679 (im Folgenden DSGVO 2016\/679), um Sie dar\u00fcber zu informieren, dass die von Ihnen angegebenen personenbezogenen Daten in \u00dcbereinstimmung mit den oben genannten Rechtsvorschriften und den Vertraulichkeitsverpflichtungen verarbeitet werden, f\u00fcr die Azienda Agricola Burno Rimoldi verantwortlich ist, in Person des gesetzlicher Vertreter Burno Rimoldi &#8211; Via Matteotti Giacomo, snc, 22026 Maslianico, Italien Umsatzsteuer-Identifikationsnummer 03442450130, Mail <a href=\"mailto:contatti@residencecaffemaya.it\">kontakte@residencecaffemaya.it<\/a><\/em><\/p>\n<\/div>\n<\/div>\n<div class=\"divider-wrap\" data-alignment=\"center\">\n<div class=\"divider-small-border completed\" data-width=\"20%\" data-animate=\"yes\" data-animation-delay=\"\" data-color=\"accent-color\"><\/div>\n<\/div>\n<div class=\"nectar-animated-title completed\" data-style=\"color-strip-reveal\" data-color=\"accent-color\">\n<div class=\"nectar-animated-title-outer\">\n<div class=\"nectar-animated-title-inner\">\n<div class=\"wrap\">\n<h4>Datenschutzerkl\u00e4rung &amp; Cookie-Richtlinie<\/h4>\n<\/div>\n<\/div>\n<\/div>\n<\/div>\n<div class=\"wpb_text_column wpb_content_element wpb_animate_when_almost_visible wpb_fadeIn fadeIn animated wpb_start_animation\">\n<div class=\"wpb_wrapper\">\n<div class=\"page\" title=\"Seite 1\">\n<div class=\"layoutArea\">\n<div class=\"column\">\n<p><strong>Die Azienda Agricola Burno Rimoldi<\/strong> freut sich \u00fcber Ihren Besuch auf unseren Webseiten und Ihr Interesse an unserem Unternehmen und unseren Produkten und Dienstleistungen. Der Schutz Ihrer personenbezogenen Daten bei der Verarbeitung w\u00e4hrend des gesamten Gesch\u00e4ftsvorgangs ist uns ein wichtiges Anliegen und deshalb m\u00f6chten wir, dass Sie sich beim Besuch unserer Webseiten sicher f\u00fchlen.<\/p>\n<\/div>\n<\/div>\n<\/div>\n<p>Nachfolgend erl\u00e4utern wir, welche Informationen w\u00e4hrend Ihres Besuchs auf unseren Internetseiten erfasst und wie diese genutzt werden.<\/p>\n<\/div>\n<\/div>\n<div class=\"nectar-animated-title completed\" data-style=\"color-strip-reveal\" data-color=\"accent-color\">\n<div class=\"nectar-animated-title-outer\">\n<div class=\"nectar-animated-title-inner\">\n<div class=\"wrap\">\n<h4>pers\u00f6nliche Daten<\/h4>\n<\/div>\n<\/div>\n<\/div>\n<\/div>\n<div class=\"wpb_text_column wpb_content_element wpb_animate_when_almost_visible wpb_fadeIn fadeIn animated wpb_start_animation\">\n<div class=\"wpb_wrapper\">\n<div class=\"page\" title=\"Seite 1\">\n<div class=\"layoutArea\">\n<div class=\"column\">\n<p>Personenbezogene Daten sind Einzelangaben \u00fcber pers\u00f6nliche oder sachliche Verh\u00e4ltnisse einer bestimmten oder bestimmbaren nat\u00fcrlichen Person. Darunter fallen Informationen wie z. Ihr richtiger Name, Adresse, Telefonnummer und Geburtsdatum. Informationen, die nicht direkt mit Ihrer wirklichen Identit\u00e4t in Verbindung gebracht werden, wie z. Lieblingswebseiten oder die Anzahl und Nutzung einer Seite fallen nicht in die Kategorie der personenbezogenen Daten.<\/p>\n<\/div>\n<\/div>\n<\/div>\n<\/div>\n<\/div>\n<div class=\"nectar-animated-title completed\" data-style=\"color-strip-reveal\" data-color=\"accent-color\">\n<div class=\"nectar-animated-title-outer\">\n<div class=\"nectar-animated-title-inner\">\n<div class=\"wrap\">\n<h4>Erhebung und Verarbeitung personenbezogener Daten<\/h4>\n<\/div>\n<\/div>\n<\/div>\n<\/div>\n<div class=\"wpb_text_column wpb_content_element wpb_animate_when_almost_visible wpb_fadeIn fadeIn animated wpb_start_animation\">\n<div class=\"wpb_wrapper\">\n<div class=\"page\" title=\"Seite 1\">\n<div class=\"layoutArea\">\n<div class=\"column\">\n<p>Beim Besuch unserer Webseiten werden Daten in Logfiles und durch Suchmaschinen erfasst. Unsere Webserver speichern in der Regel und aus Sicherheitsgr\u00fcnden die Verbindungsdaten des Zugriffssuchenden, die besuchten Seiten, das Datum und die Dauer des Besuchs, die Identifikationsdaten des Typs des Internetbrowsers und des verwendeten Betriebssystems sowie das Web Seite der Herkunft. Personenbezogene Daten wie Name, Anschrift, Telefonnummer oder E-Mail-Adresse werden nicht erhoben, es sei denn, diese werden von Ihnen freiwillig, z. zur Registrierung, f\u00fcr eine Umfrage oder zur Vertragsabwicklung oder Informationsanfrage.<\/p>\n<\/div>\n<\/div>\n<\/div>\n<\/div>\n<\/div>\n<div class=\"nectar-animated-title completed\" data-style=\"color-strip-reveal\" data-color=\"accent-color\">\n<div class=\"nectar-animated-title-outer\">\n<div class=\"nectar-animated-title-inner\">\n<div class=\"wrap\">\n<h4>Nutzung und Weitergabe personenbezogener Daten<\/h4>\n<\/div>\n<\/div>\n<\/div>\n<\/div>\n<div class=\"wpb_text_column wpb_content_element wpb_animate_when_almost_visible wpb_fadeIn fadeIn animated wpb_start_animation\">\n<div class=\"wpb_wrapper\">\n<div class=\"page\" title=\"Seite 1\">\n<div class=\"layoutArea\">\n<div class=\"column\">\n<p>Die zur Verf\u00fcgung gestellten personenbezogenen Daten werden ausschlie\u00dflich zum Zweck der technischen Verwaltung der Website und zur Erf\u00fcllung Ihrer W\u00fcnsche und Bed\u00fcrfnisse sowie selbstverst\u00e4ndlich zur Abwicklung von Gesch\u00e4ftspraktiken oder zur Beantwortung Ihrer Anfragen verwendet. Erst nach Ihrer Einwilligung oder wenn kein gesetzlicher Widerspruch vorliegt, verwenden wir die Daten f\u00fcr Produktanfragen und f\u00fcr Marketingzwecke.<br \/>\nEine \u00dcbermittlung, Abtretung, ein Verkauf oder eine sonstige \u00dcbermittlung Ihrer Daten an Dritte erfolgt nicht, es sei denn, dies ist zur Vertragsabwicklung erforderlich oder es liegt Ihre schriftliche Einwilligung vor.<\/p>\n<\/div>\n<\/div>\n<\/div>\n<\/div>\n<\/div>\n<div class=\"nectar-animated-title completed\" data-style=\"color-strip-reveal\" data-color=\"accent-color\">\n<div class=\"nectar-animated-title-outer\">\n<div class=\"nectar-animated-title-inner\">\n<div class=\"wrap\">\n<h4>Navigationsdaten<\/h4>\n<\/div>\n<\/div>\n<\/div>\n<\/div>\n<div class=\"wpb_text_column wpb_content_element wpb_animate_when_almost_visible wpb_fadeIn fadeIn animated wpb_start_animation\">\n<div class=\"wpb_wrapper\">\n<div class=\"page\" title=\"Seite 1\">\n<div class=\"layoutArea\">\n<div class=\"column\">\n<p>Die f\u00fcr den Betrieb dieser Website bestimmten Computersysteme und Anwendungen erfassen w\u00e4hrend ihres normalen Betriebs einige Daten (deren \u00dcbertragung bei der Verwendung von Internet-Kommunikationsprotokollen implizit ist), die nicht direkt identifizierbaren Benutzern zugeordnet sind. Zu den gesammelten Daten geh\u00f6ren die IP-Adressen und Dom\u00e4nennamen der Computer, die von den Benutzern verwendet werden, die sich mit der Site verbinden, die URI-Adressen (Uniform Resource Identifier) der angeforderten Ressourcen, den Zeitpunkt der Anfrage, die Methode zum Senden der Anfrage an den Server, die Gr\u00f6\u00dfe der als Antwort erhaltenen Datei, den Zahlencode, der den Status der vom Server gegebenen Antwort angibt (erfolgreich, Fehler usw.) und andere Parameter bez\u00fcglich des Betriebssystems und der vom Benutzer verwendeten IT-Umgebung . Diese Daten werden nur f\u00fcr den unbedingt erforderlichen Zeitraum verarbeitet, um anonyme statistische Informationen \u00fcber die Nutzung der Website zu erhalten und deren ordnungsgem\u00e4\u00dfe Funktion zu \u00fcberpr\u00fcfen.<\/p>\n<\/div>\n<\/div>\n<\/div>\n<\/div>\n<\/div>\n<div class=\"nectar-animated-title completed\" data-style=\"color-strip-reveal\" data-color=\"accent-color\">\n<div class=\"nectar-animated-title-outer\">\n<div class=\"nectar-animated-title-inner\">\n<div class=\"wrap\">\n<h4>L\u00f6schung von Daten<\/h4>\n<\/div>\n<\/div>\n<\/div>\n<\/div>\n<div class=\"wpb_text_column wpb_content_element wpb_animate_when_almost_visible wpb_fadeIn fadeIn animated wpb_start_animation\">\n<div class=\"wpb_wrapper\">\n<div class=\"page\" title=\"Seite 1\">\n<div class=\"layoutArea\">\n<div class=\"column\">\n<p>Wenn Ihre Daten f\u00fcr die vorgenannten Zwecke, einschlie\u00dflich der Abrechnung, nicht mehr ben\u00f6tigt werden, werden sie gel\u00f6scht. Wir weisen darauf hin, dass bei jeder L\u00f6schung die Daten zun\u00e4chst gesperrt und nach Ablauf einer bestimmten Zeit endg\u00fcltig gel\u00f6scht werden, um eine vors\u00e4tzliche Besch\u00e4digung oder eine versehentliche L\u00f6schung zu verhindern. Technisch werden die Daten ggf. vom Assistance-Dienst in Sicherungs- und Spiegeldateien dupliziert. Solche Kopien werden in jedem Fall nach einer m\u00f6glicherweise technisch festgelegten Zeit entfernt.<\/p>\n<\/div>\n<\/div>\n<\/div>\n<\/div>\n<\/div>\n<div class=\"nectar-animated-title completed\" data-style=\"color-strip-reveal\" data-color=\"accent-color\">\n<div class=\"nectar-animated-title-outer\">\n<div class=\"nectar-animated-title-inner\">\n<div class=\"wrap\">\n<h4>Pl\u00e4tzchen<\/h4>\n<\/div>\n<\/div>\n<\/div>\n<\/div>\n<div class=\"wpb_text_column wpb_content_element wpb_animate_when_almost_visible wpb_fadeIn fadeIn animated wpb_start_animation\">\n<div class=\"wpb_wrapper\">\n<div class=\"page\" title=\"Seite 1\">\n<div class=\"layoutArea\">\n<div class=\"column\">\n<p>Wenn Sie eine unserer Webseiten besuchen, k\u00f6nnen Informationen in Form von \u201eCookies\u201c auf Ihren Computer \u00fcbertragen werden.<br \/>\nCookies sind kleine Textzeichenfolgen, die die vom Benutzer besuchten Sites an sein Endger\u00e4t (normalerweise den Browser) senden, wo sie gespeichert werden, um dann beim n\u00e4chsten Besuch desselben Benutzers an dieselben Sites erneut \u00fcbertragen zu werden. Beim Surfen auf einer Website kann der Benutzer auch Cookies auf seinem Endger\u00e4t empfangen, die von verschiedenen Websites oder Webservern (sogenannten &#8222;Dritten&#8220;) gesendet werden, auf denen sich einige Elemente befinden k\u00f6nnen (wie zum Beispiel Bilder, Karten, Sounds, spezifische Links zu Seiten anderer Domains), die auf der Website vorhanden sind, die dieselbe besucht<br \/>\nEs k\u00f6nnen zwei Makrokategorien von Cookies identifiziert werden: \u201etechnische\u201c Cookies und \u201eProfiling\u201c-Cookies.<\/p>\n<ul>\n<li>Technische Cookies garantieren die normale Navigation und Nutzung der Website (um beispielsweise einen Kauf zu t\u00e4tigen oder sich f\u00fcr den Zugang zu eingeschr\u00e4nkten Bereichen zu authentifizieren). Ohne die Verwendung dieser Cookies k\u00f6nnten einige Vorg\u00e4nge nicht ausgef\u00fchrt werden oder w\u00e4ren komplexer und \/ oder weniger sicher; f\u00fcr diese Cookies, die es beispielsweise erm\u00f6glichen, eine Identifizierung vorzunehmen und aufrechtzuerhalten<br \/>\ndes Nutzers w\u00e4hrend der Sitzung, sind unabdingbar;<\/li>\n<li>Profiling-Cookies dienen der Erstellung von Benutzerprofilen und k\u00f6nnen verwendet werden, um Werbebotschaften entsprechend den vom Benutzer ge\u00e4u\u00dferten Pr\u00e4ferenzen zu versenden oder um detaillierte Analysen oder Berichte dar\u00fcber im Rahmen des Surfens im Internet zu erstellen.<\/li>\n<\/ul>\n<p>Nur f\u00fcr die Installation von technischen Cookies besteht eine Informationspflicht gem\u00e4\u00df Art. 13 des Kodex, w\u00e4hrend die vorherige Zustimmung der Benutzer nicht erforderlich ist.<br \/>\nAuf dieser Website sind nur technische Cookies funktionsf\u00e4hig, die f\u00fcr die Navigation erforderlich sind und wesentliche Funktionen wie Authentifizierung, Validierung und Verwaltung einer Browsersitzung erm\u00f6glichen.<\/p>\n<p>Sie erm\u00f6glichen beispielsweise: festzustellen, ob der Benutzer regelm\u00e4\u00dfig auf die Bereiche der Website zugegriffen hat, die eine vorherige Authentifizierung oder Benutzervalidierung erfordern, und die Verwaltung von Sitzungen in Bezug auf die verschiedenen Dienste und Anwendungen oder die Speicherung von Daten f\u00fcr den Zugriff im abgesicherten Modus. Es gibt auch spezielle technische Cookies, die verwendet werden, um Zugriffe \/ Besuche auf der Website statistisch zu analysieren (sog. &#8222;Cookie-Analyse&#8220;), die ausschlie\u00dflich statistischen Zwecken (und nicht einmal Profiling oder Marketing) dienen und Informationen in aggregierter Form sammeln, ohne dass eine Identifizierung m\u00f6glich ist des einzelnen Benutzers.<\/p>\n<p><em>Wenn Sie nicht m\u00f6chten, dass Ihr Computer wiedererkannt wird, stellen Sie Ihren Internetbrowser so ein, dass er Cookies von der Festplatte Ihres PCs l\u00f6scht, alle Cookies blockiert oder Sie warnt, bevor ein Cookie gespeichert wird.<\/em><\/p>\n<\/div>\n<\/div>\n<\/div>\n<\/div>\n<\/div>\n<div class=\"nectar-animated-title completed\" data-style=\"color-strip-reveal\" data-color=\"accent-color\">\n<div class=\"nectar-animated-title-outer\">\n<div class=\"nectar-animated-title-inner\">\n<div class=\"wrap\">\n<h4>Auskunftsrecht \/ Widerrufsrecht<\/h4>\n<\/div>\n<\/div>\n<\/div>\n<\/div>\n<div class=\"wpb_text_column wpb_content_element wpb_animate_when_almost_visible wpb_fadeIn fadeIn animated wpb_start_animation\">\n<div class=\"wpb_wrapper\">\n<div class=\"page\" title=\"Seite 1\">\n<div class=\"layoutArea\">\n<div class=\"column\">\n<p>Auf schriftliche Anfrage teilen wir Ihnen mit, welche Art von Daten wir \u00fcber Sie gespeichert haben (z.B. Name, Anschrift etc.) und zu welchem Zweck wir diese verwenden. Sie haben das Recht, der Verwendung Ihrer Daten zu kommerziellen Zwecken ohne ausdr\u00fcckliche Einwilligung zu widersprechen. Die hierf\u00fcr verwendeten Daten werden von uns gesperrt. Eine einmal erteilte Einwilligung zur Datenverwendung zum Versand von Werbematerial an Ihre E-Mail-Adresse oder telefonisch k\u00f6nnen Sie jederzeit mit Wirkung f\u00fcr die Zukunft widerrufen.<\/p>\n<\/div>\n<\/div>\n<\/div>\n<\/div>\n<\/div>\n<div class=\"nectar-animated-title completed\" data-style=\"color-strip-reveal\" data-color=\"accent-color\">\n<div class=\"nectar-animated-title-outer\">\n<div class=\"nectar-animated-title-inner\">\n<div class=\"wrap\">\n<h4>Kontaktdaten und \u00c4nderungen<\/h4>\n<\/div>\n<\/div>\n<\/div>\n<\/div>\n<div class=\"wpb_text_column wpb_content_element wpb_animate_when_almost_visible wpb_fadeIn fadeIn animated wpb_start_animation\">\n<div class=\"wpb_wrapper\">\n<div class=\"page\" title=\"Seite 1\">\n<div class=\"layoutArea\">\n<div class=\"column\">\n<p>Bei Fragen zur Verarbeitung Ihrer personenbezogenen Daten k\u00f6nnen Sie sich an den Datenschutzbeauftragten der <strong>Azienda Agricola Burno Rimoldi wenden<\/strong> , der Ihnen mit seinem Team f\u00fcr Auskunftsersuchen, Anregungen oder Beschwerden uneingeschr\u00e4nkt zur Verf\u00fcgung steht.<br \/>\nBitte richten Sie Ihre Fragen an folgende Adressen:<\/p>\n<ul>\n<li><a href=\"mailto:contatti@residencecaffemaya.it\">kontakte@residencecaffemaya.it<\/a><\/li>\n<\/ul>\n<p><em><strong>Azienda Agricola Burno Rimoldi<\/strong> beh\u00e4lt sich das Recht vor, den Inhalt dieser Datenschutzerkl\u00e4rung ohne vorherige Ank\u00fcndigung zu \u00e4ndern. Sobald eine \u00c4nderung vorgenommen wurde, stellen wir Ihnen die aktualisierte Version auf dieser Seite zur Verf\u00fcgung.<\/em><\/p>\n<\/div>\n<\/div>\n<\/div>\n<\/div>\n<\/div>\n<\/div>\n","protected":false},"excerpt":{"rendered":"<p>Datenschutz und Nutzungsbedingungen Informationen zur Vertraulichkeit personenbezogener Daten _ _ _ Einf\u00fchrung Diese Informationen werden gem\u00e4\u00df Art. 13 der EU-Verordnung Nr. 2016\/679 (im Folgenden DSGVO 2016\/679), um Sie dar\u00fcber zu&#8230;<\/p>\n","protected":false},"author":1,"featured_media":0,"parent":0,"menu_order":0,"comment_status":"closed","ping_status":"open","template":"template-no-header-footer.php","meta":{"footnotes":""},"class_list":["post-884","page","type-page","status-publish"],"aioseo_notices":[],"_links":{"self":[{"href":"https:\/\/residencecaffemaya.it\/de\/wp-json\/wp\/v2\/pages\/884","targetHints":{"allow":["GET"]}}],"collection":[{"href":"https:\/\/residencecaffemaya.it\/de\/wp-json\/wp\/v2\/pages"}],"about":[{"href":"https:\/\/residencecaffemaya.it\/de\/wp-json\/wp\/v2\/types\/page"}],"author":[{"embeddable":true,"href":"https:\/\/residencecaffemaya.it\/de\/wp-json\/wp\/v2\/users\/1"}],"replies":[{"embeddable":true,"href":"https:\/\/residencecaffemaya.it\/de\/wp-json\/wp\/v2\/comments?post=884"}],"version-history":[{"count":1,"href":"https:\/\/residencecaffemaya.it\/de\/wp-json\/wp\/v2\/pages\/884\/revisions"}],"predecessor-version":[{"id":885,"href":"https:\/\/residencecaffemaya.it\/de\/wp-json\/wp\/v2\/pages\/884\/revisions\/885"}],"wp:attachment":[{"href":"https:\/\/residencecaffemaya.it\/de\/wp-json\/wp\/v2\/media?parent=884"}],"curies":[{"name":"wp","href":"https:\/\/api.w.org\/{rel}","templated":true}]}}