{"id":377,"date":"2021-07-17T10:50:34","date_gmt":"2021-07-17T08:50:34","guid":{"rendered":"https:\/\/residencecaffemaya.it\/contatti\/"},"modified":"2021-12-06T20:26:25","modified_gmt":"2021-12-06T19:26:25","slug":"kontakte","status":"publish","type":"page","link":"https:\/\/residencecaffemaya.it\/de\/kontakte\/","title":{"rendered":"Kontakte"},"content":{"rendered":"[vc_row type=&#8220;full_width_content&#8220; full_screen_row_position=&#8220;middle&#8220; column_margin=&#8220;default&#8220; equal_height=&#8220;yes&#8220; content_placement=&#8220;middle&#8220; column_direction=&#8220;default&#8220; column_direction_tablet=&#8220;default&#8220; column_direction_phone=&#8220;default&#8220; bg_color=&#8220;#ffffff&#8220; full_height=&#8220;yes&#8220; scene_position=&#8220;center&#8220; top_padding=&#8220;5%&#8220; constrain_group_1=&#8220;yes&#8220; bottom_padding=&#8220;5%&#8220; text_color=&#8220;dark&#8220; text_align=&#8220;left&#8220; row_border_radius=&#8220;none&#8220; row_border_radius_applies=&#8220;bg&#8220; overlay_strength=&#8220;0.3&#8243; gradient_direction=&#8220;left_to_right&#8220; shape_divider_position=&#8220;bottom&#8220; bg_image_animation=&#8220;none&#8220; shape_type=&#8220;&#8220;][vc_column column_padding=&#8220;padding-7-percent&#8220; column_padding_tablet=&#8220;inherit&#8220; column_padding_phone=&#8220;inherit&#8220; column_padding_position=&#8220;all&#8220; constrain_group_1=&#8220;yes&#8220; column_element_spacing=&#8220;default&#8220; background_color_opacity=&#8220;1&#8243; background_hover_color_opacity=&#8220;1&#8243; column_shadow=&#8220;none&#8220; column_border_radius=&#8220;none&#8220; column_link_target=&#8220;_self&#8220; gradient_direction=&#8220;left_to_right&#8220; overlay_strength=&#8220;0.3&#8243; width=&#8220;1\/2&#8243; tablet_width_inherit=&#8220;default&#8220; tablet_text_alignment=&#8220;default&#8220; phone_text_alignment=&#8220;default&#8220; bg_image_animation=&#8220;none&#8220; enable_animation=&#8220;true&#8220; animation=&#8220;fade-in-from-right&#8220; border_type=&#8220;simple&#8220; column_border_width=&#8220;none&#8220; column_border_style=&#8220;solid&#8220; delay=&#8220;200&#8243;][vc_column_text]\n<h2 style=\"font-family: Great Vibes;\">Wir sprechen Ihre Sprache.<\/h2>\n<p><em>Finden Sie heraus, wo wir sind und wie Sie uns finden. Wir sprechen 4 Sprachen (Italienisch, Englisch, Franz\u00f6sisch und Deutsch) Z\u00f6gern Sie nicht, uns zu kontaktieren.<\/em>[\/vc_column_text]\n<div class=\"wpcf7 no-js\" id=\"wpcf7-f440-o1\" lang=\"de-DE\" dir=\"ltr\" data-wpcf7-id=\"440\">\n<div class=\"screen-reader-response\"><p role=\"status\" aria-live=\"polite\" aria-atomic=\"true\"><\/p> <ul><\/ul><\/div>\n<form action=\"\/de\/wp-json\/wp\/v2\/pages\/377#wpcf7-f440-o1\" method=\"post\" class=\"wpcf7-form init\" aria-label=\"Kontaktformular\" novalidate=\"novalidate\" data-status=\"init\">\n<div style=\"display: none;\">\n<input type=\"hidden\" name=\"_wpcf7\" value=\"440\" \/>\n<input type=\"hidden\" name=\"_wpcf7_version\" value=\"6.0.5\" \/>\n<input type=\"hidden\" name=\"_wpcf7_locale\" value=\"de_DE\" \/>\n<input type=\"hidden\" name=\"_wpcf7_unit_tag\" value=\"wpcf7-f440-o1\" \/>\n<input type=\"hidden\" name=\"_wpcf7_container_post\" value=\"0\" \/>\n<input type=\"hidden\" name=\"_wpcf7_posted_data_hash\" value=\"\" \/>\n<\/div>\n<div class=\"nectar-wpcf7-inline-form\">\n\t<div class=\"nectar-wpcf7-inline-field\">\n\t\t<p><span class=\"wpcf7-form-control-wrap\" data-name=\"nome\"><input size=\"40\" maxlength=\"400\" class=\"wpcf7-form-control wpcf7-text wpcf7-validates-as-required\" aria-required=\"true\" aria-invalid=\"false\" placeholder=\"Vorname\" value=\"\" type=\"text\" name=\"nome\" \/><\/span>\n\t\t<\/p>\n\t<\/div>\n\t<div class=\"nectar-wpcf7-inline-field\">\n\t\t<p><span class=\"wpcf7-form-control-wrap\" data-name=\"tel-214\"><input size=\"40\" maxlength=\"400\" class=\"wpcf7-form-control wpcf7-tel wpcf7-validates-as-required wpcf7-text wpcf7-validates-as-tel\" aria-required=\"true\" aria-invalid=\"false\" placeholder=\"Telefonnummer\" value=\"\" type=\"tel\" name=\"tel-214\" \/><\/span>\n\t\t<\/p>\n\t<\/div>\n<\/div>\n<p><span class=\"wpcf7-form-control-wrap\" data-name=\"email\"><input size=\"40\" maxlength=\"400\" class=\"wpcf7-form-control wpcf7-email wpcf7-validates-as-required wpcf7-text wpcf7-validates-as-email\" aria-required=\"true\" aria-invalid=\"false\" placeholder=\"E-Mail-Addresse\" value=\"\" type=\"email\" name=\"email\" \/><\/span>\n<\/p>\n<p><span class=\"wpcf7-form-control-wrap\" data-name=\"testo\"><input size=\"40\" maxlength=\"400\" class=\"wpcf7-form-control wpcf7-text wpcf7-validates-as-required\" aria-required=\"true\" aria-invalid=\"false\" placeholder=\"Verf\u00fcgbar, um Ihnen die beste L\u00f6sung f\u00fcr Ihre Bed\u00fcrfnisse zu bieten\" value=\"\" type=\"text\" name=\"testo\" \/><\/span><br \/>\n<span class=\"wpcf7-form-control-wrap\" data-name=\"privacy\"><span class=\"wpcf7-form-control wpcf7-acceptance\"><span class=\"wpcf7-list-item\"><label><input type=\"checkbox\" name=\"privacy\" value=\"1\" aria-invalid=\"false\" \/><span class=\"wpcf7-list-item-label\">Ich habe die <a href=\"\/privacy-policy\/\">Datenschutzerkl\u00e4rung<\/a> gelesen und stimme der Speicherung meiner Daten gem\u00e4\u00df der Europ\u00e4ischen Verordnung zum Schutz personenbezogener Daten n. 679\/2016 (GDPR), f\u00fcr Informationen zu den Dienstleistungen des Residenz Caff\u00e8 Maya<\/span><\/label><\/span><\/span><\/span>\n<\/p>\n<p><input class=\"wpcf7-form-control wpcf7-submit has-spinner\" type=\"submit\" value=\"Kontaktiere uns\" \/>\n<\/p><div class=\"wpcf7-response-output\" aria-hidden=\"true\"><\/div>\n<\/form>\n<\/div>\n<div class=\"nectar-fancy-ul\" data-list-icon=\"fa fa-reply\" data-animation=\"true\" data-animation-delay=\"300\" data-color=\"accent-color\" data-spacing=\"5px\" data-alignment=\"left\"> \n<h2 style=\"font-family: Great Vibes; padding-top: 40px;\">Kontakte.<\/h2>\n<p>Via Matteotti Giacomo, snc<br \/>\n22026 Como (CO) &#8211; Maslianico, Italien<\/p>\n<ul>\n<li><a href=\"tel:+390313730880\">  +39 031 &#8211; 3730880<\/a><\/li>\n<li><a href=\"mailto:contatti@residencecaffemaya.it\">kontakte@residencecaffemaya.it<\/a><\/li>\n<\/ul>\n<p>&nbsp;<\/p>\n<p>&nbsp;<\/p>\n<div class=\"notranslate\" style=\"all: initial;\"><\/div>\n <\/div>[\/vc_column][vc_column column_padding=&#8220;padding-7-percent&#8220; column_padding_tablet=&#8220;inherit&#8220; column_padding_phone=&#8220;inherit&#8220; column_padding_position=&#8220;all&#8220; constrain_group_1=&#8220;yes&#8220; column_element_spacing=&#8220;default&#8220; background_color_opacity=&#8220;1&#8243; background_hover_color_opacity=&#8220;1&#8243; column_shadow=&#8220;none&#8220; column_border_radius=&#8220;none&#8220; column_link_target=&#8220;_self&#8220; gradient_direction=&#8220;left_to_right&#8220; overlay_strength=&#8220;0.3&#8243; width=&#8220;1\/2&#8243; tablet_width_inherit=&#8220;default&#8220; tablet_text_alignment=&#8220;default&#8220; phone_text_alignment=&#8220;default&#8220; bg_image_animation=&#8220;fade-in&#8220; enable_animation=&#8220;true&#8220; animation=&#8220;fade-in-from-right&#8220; border_type=&#8220;advanced&#8220; border_left_desktop=&#8220;1px&#8220; column_border_color=&#8220;#ddbb87&#8243; column_border_style=&#8220;dashed&#8220; delay=&#8220;500&#8243;]<div class=\"nectar-fancy-ul\" data-list-icon=\"fa fa-bookmark-o\" data-animation=\"true\" data-animation-delay=\"700\" data-color=\"accent-color\" data-spacing=\"5px\" data-alignment=\"left\"> \n<h2 style=\"font-family: Great Vibes;\">N\u00fctzliche Informationen.<\/h2>\n<p>Sie erreichen uns mit dem Auto \u00fcber die <strong>Autobahn A9 Milano-CHIASSO Autostrada dei Laghi<\/strong> mit der Ausfahrt <strong>Lago Di Como<\/strong> .<br \/>\nOder mit dem Zug am Bahnhof von <strong>Chiasso<\/strong> in der <strong>Schweiz<\/strong> (2,6 KM) oder <strong>Como San Giovanni<\/strong> (4,6 KM).<\/p>\n<p>Struktur Erreichbar mit der Buslinie <strong>ASF Como-Maslianico<\/strong> vom Bahnhof oder dem <strong>Como Taxi Service<\/strong> .<\/p>\n<p>35,5 km von den <strong>MXP-Flugh\u00e4fen Mailands<\/strong> , 46,8 km von <strong>Linate<\/strong> oder 20 km vom Flughafen <strong>Lugano entfernt<\/strong> . <\/div>[divider line_type=&#8220;Full Width Line&#8220; line_thickness=&#8220;1&#8243; divider_color=&#8220;accent-color&#8220; animate=&#8220;yes&#8220; custom_height=&#8220;200px&#8220;]<div class=\"nectar-fancy-ul\" data-list-icon=\"fa fa-bookmark-o\" data-animation=\"false\" data-animation-delay=\"0\" data-color=\"accent-color\" data-spacing=\"5px\" data-alignment=\"left\"> \n<h2 style=\"font-family: Great Vibes; padding-top: 40px;\">Dienstleistungen.<\/h2>\n<ul>\n<li><strong>Kinder<\/strong> sind herzlich willkommen. <strong>Kostenlos<\/strong> im Kinderbett unter 2 Jahren. <strong>Kostenlos<\/strong> unter 6 Jahren (in vorhandenen Betten).<\/li>\n<li><strong>Haustiere<\/strong> erlaubt.<\/li>\n<li>Die Bedingungen f\u00fcr <strong>Stornierung und Vorauszahlung<\/strong> variieren je nach Art der Unterkunft.<\/li>\n<li>Die Bedingungen des <strong>Check-in und Check-outs<\/strong> sind variabel und an Ihre Bed\u00fcrfnisse angepasst<\/li>\n<li>Zimmer mit <strong>Zugang und Bad f\u00fcr Behinderte<\/strong><\/li>\n<li><strong>Rabatte und Aktionen<\/strong> f\u00fcr die verschiedenen Orte im <strong>historischen Zentrum von Como<\/strong> mit der Marke <strong>Caff\u00e8 Maya<\/strong><\/li>\n<li><strong>Verpflegung und Fr\u00fchst\u00fcck<\/strong> mit reserviertem Rabatt an den unz\u00e4hligen <strong>Caff\u00e8 Maya<\/strong> -Punkten in <strong>Como<\/strong> , nur einen Schritt vom Hotel entfernt<\/li>\n<\/ul>\n<p>Kontaktieren Sie uns f\u00fcr umfassendere Informationen <\/div>[\/vc_column][\/vc_row][vc_row type=&#8220;full_width_content&#8220; full_screen_row_position=&#8220;middle&#8220; column_margin=&#8220;default&#8220; column_direction=&#8220;default&#8220; column_direction_tablet=&#8220;default&#8220; column_direction_phone=&#8220;default&#8220; bg_color=&#8220;#ffffff&#8220; scene_position=&#8220;center&#8220; text_color=&#8220;dark&#8220; text_align=&#8220;left&#8220; row_border_radius=&#8220;none&#8220; row_border_radius_applies=&#8220;bg&#8220; overlay_strength=&#8220;0.95&#8243; gradient_direction=&#8220;left_to_right&#8220; shape_divider_position=&#8220;bottom&#8220; bg_image_animation=&#8220;none&#8220; shape_type=&#8220;&#8220;][vc_column column_padding=&#8220;no-extra-padding&#8220; column_padding_tablet=&#8220;inherit&#8220; column_padding_phone=&#8220;inherit&#8220; column_padding_position=&#8220;all&#8220; column_element_spacing=&#8220;default&#8220; background_color_opacity=&#8220;1&#8243; background_hover_color_opacity=&#8220;1&#8243; column_shadow=&#8220;none&#8220; column_border_radius=&#8220;none&#8220; column_link_target=&#8220;_self&#8220; gradient_direction=&#8220;left_to_right&#8220; overlay_strength=&#8220;1&#8243; width=&#8220;1\/1&#8243; tablet_width_inherit=&#8220;default&#8220; tablet_text_alignment=&#8220;default&#8220; phone_text_alignment=&#8220;default&#8220; bg_image_animation=&#8220;none&#8220; border_type=&#8220;simple&#8220; column_border_width=&#8220;none&#8220; column_border_style=&#8220;solid&#8220;][nectar_gmap map_type=&#8220;leaflet&#8220; zoom=&#8220;18&#8243; marker_style=&#8220;nectar&#8220; color=&#8220;accent-color&#8220; leaflet_map_greyscale=&#8220;1&#8243; size=&#8220;500&#8243; map_center_lat=&#8220;45.8446445&#8243; map_center_lng=&#8220;9.0407867&#8243; map_markers=&#8220;45.8446445| 9.0407867 | Agriturismo Caff\u00e8 Maya&#8220;][\/vc_column][\/vc_row]\n","protected":false},"excerpt":{"rendered":"<p>[vc_row type=&#8220;full_width_content&#8220; full_screen_row_position=&#8220;middle&#8220; column_margin=&#8220;default&#8220; equal_height=&#8220;yes&#8220; content_placement=&#8220;middle&#8220; column_direction=&#8220;default&#8220; column_direction_tablet=&#8220;default&#8220; column_direction_phone=&#8220;default&#8220; bg_color=&#8220;#ffffff&#8220; full_height=&#8220;yes&#8220; scene_position=&#8220;center&#8220; top_padding=&#8220;5%&#8220; constrain_group_1=&#8220;yes&#8220; bottom_padding=&#8220;5%&#8220; text_color=&#8220;dark&#8220; text_align=&#8220;left&#8220; row_border_radius=&#8220;none&#8220; row_border_radius_applies=&#8220;bg&#8220; overlay_strength=&#8220;0.3&#8243; gradient_direction=&#8220;left_to_right&#8220; shape_divider_position=&#8220;bottom&#8220; bg_image_animation=&#8220;none&#8220; shape_type=&#8220;&#8220;][vc_column column_padding=&#8220;padding-7-percent&#8220; column_padding_tablet=&#8220;inherit&#8220; column_padding_phone=&#8220;inherit&#8220; column_padding_position=&#8220;all&#8220; constrain_group_1=&#8220;yes&#8220; column_element_spacing=&#8220;default&#8220;&#8230;<\/p>\n","protected":false},"author":1,"featured_media":0,"parent":0,"menu_order":0,"comment_status":"closed","ping_status":"closed","template":"","meta":{"footnotes":""},"class_list":["post-377","page","type-page","status-publish"],"aioseo_notices":[],"_links":{"self":[{"href":"https:\/\/residencecaffemaya.it\/de\/wp-json\/wp\/v2\/pages\/377","targetHints":{"allow":["GET"]}}],"collection":[{"href":"https:\/\/residencecaffemaya.it\/de\/wp-json\/wp\/v2\/pages"}],"about":[{"href":"https:\/\/residencecaffemaya.it\/de\/wp-json\/wp\/v2\/types\/page"}],"author":[{"embeddable":true,"href":"https:\/\/residencecaffemaya.it\/de\/wp-json\/wp\/v2\/users\/1"}],"replies":[{"embeddable":true,"href":"https:\/\/residencecaffemaya.it\/de\/wp-json\/wp\/v2\/comments?post=377"}],"version-history":[{"count":3,"href":"https:\/\/residencecaffemaya.it\/de\/wp-json\/wp\/v2\/pages\/377\/revisions"}],"predecessor-version":[{"id":729,"href":"https:\/\/residencecaffemaya.it\/de\/wp-json\/wp\/v2\/pages\/377\/revisions\/729"}],"wp:attachment":[{"href":"https:\/\/residencecaffemaya.it\/de\/wp-json\/wp\/v2\/media?parent=377"}],"curies":[{"name":"wp","href":"https:\/\/api.w.org\/{rel}","templated":true}]}}