{"id":375,"date":"2021-07-17T12:21:17","date_gmt":"2021-07-17T10:21:17","guid":{"rendered":"https:\/\/residencecaffemaya.it\/residence\/"},"modified":"2021-12-06T20:26:29","modified_gmt":"2021-12-06T19:26:29","slug":"residenz","status":"publish","type":"page","link":"https:\/\/residencecaffemaya.it\/de\/residenz\/","title":{"rendered":"Residenz"},"content":{"rendered":"[vc_row type=&#8220;full_width_background&#8220; full_screen_row_position=&#8220;middle&#8220; column_margin=&#8220;default&#8220; equal_height=&#8220;yes&#8220; content_placement=&#8220;middle&#8220; column_direction=&#8220;default&#8220; column_direction_tablet=&#8220;default&#8220; column_direction_phone=&#8220;default&#8220; bg_image=&#8220;676&#8243; bg_position=&#8220;center center&#8220; background_image_loading=&#8220;default&#8220; bg_repeat=&#8220;no-repeat&#8220; scene_position=&#8220;center&#8220; top_padding=&#8220;10%&#8220; constrain_group_1=&#8220;yes&#8220; bottom_padding=&#8220;10%&#8220; text_color=&#8220;light&#8220; text_align=&#8220;center&#8220; row_border_radius=&#8220;none&#8220; row_border_radius_applies=&#8220;bg&#8220; color_overlay=&#8220;#242424&#8243; overlay_strength=&#8220;0.5&#8243; gradient_direction=&#8220;left_to_right&#8220; shape_divider_position=&#8220;bottom&#8220; shape_divider_height=&#8220;350&#8243; bg_image_animation=&#8220;zoom-out-slow&#8220; parallax_bg=&#8220;true&#8220; parallax_bg_speed=&#8220;fast&#8220; shape_type=&#8220;mountains&#8220;][vc_column column_padding=&#8220;no-extra-padding&#8220; column_padding_tablet=&#8220;inherit&#8220; column_padding_phone=&#8220;inherit&#8220; column_padding_position=&#8220;all&#8220; column_element_spacing=&#8220;default&#8220; background_color_opacity=&#8220;1&#8243; background_hover_color_opacity=&#8220;1&#8243; column_shadow=&#8220;none&#8220; column_border_radius=&#8220;none&#8220; column_link_target=&#8220;_self&#8220; gradient_direction=&#8220;left_to_right&#8220; overlay_strength=&#8220;0.3&#8243; width=&#8220;1\/1&#8243; tablet_width_inherit=&#8220;default&#8220; tablet_text_alignment=&#8220;default&#8220; phone_text_alignment=&#8220;default&#8220; bg_image_animation=&#8220;none&#8220; border_type=&#8220;simple&#8220; column_border_width=&#8220;none&#8220; column_border_style=&#8220;solid&#8220;][vc_custom_heading text=&#8220;Blaubeere &amp; mehr&#8220; font_container=&#8220;tag:h4|text_align:center|color:%23e5e5e5&#8243; google_fonts=&#8220;font_family:Roboto%20Slab%3A100%2C300%2Cregular%2C700|font_style:100%20light%20regular%3A100%3Anormal&#8220; css_animation=&#8220;fadeInDown&#8220; css=&#8220;.vc_custom_1626517823759{padding-bottom: 10px !important;}&#8220;][vc_custom_heading text=&#8220;Residenz&#8220; font_container=&#8220;tag:h1|font_size:8em|text_align:center&#8220; google_fonts=&#8220;font_family:Great%20Vibes%3Aregular|font_style:400%20regular%3A400%3Anormal&#8220; css_animation=&#8220;fadeIn&#8220; css=&#8220;.vc_custom_1628491059463{padding-top: 13px !important;padding-bottom: 13px !important;}&#8220;][\/vc_column][\/vc_row][vc_row type=&#8220;full_width_content&#8220; full_screen_row_position=&#8220;middle&#8220; column_margin=&#8220;default&#8220; equal_height=&#8220;yes&#8220; content_placement=&#8220;middle&#8220; column_direction=&#8220;default&#8220; column_direction_tablet=&#8220;column_reverse&#8220; column_direction_phone=&#8220;column_reverse&#8220; bg_color=&#8220;#ffffff&#8220; scene_position=&#8220;center&#8220; top_padding=&#8220;4%&#8220; constrain_group_1=&#8220;yes&#8220; bottom_padding=&#8220;4%&#8220; left_padding_desktop=&#8220;4%&#8220; constrain_group_2=&#8220;yes&#8220; right_padding_desktop=&#8220;4%&#8220; top_padding_tablet=&#8220;8%&#8220; bottom_padding_tablet=&#8220;8%&#8220; text_color=&#8220;dark&#8220; text_align=&#8220;left&#8220; row_border_radius=&#8220;none&#8220; row_border_radius_applies=&#8220;bg&#8220; id=&#8220;home&#8220; overlay_strength=&#8220;0.5&#8243; gradient_direction=&#8220;top_to_bottom&#8220; shape_divider_color=&#8220;rgba(221,205,181,0.22)&#8220; shape_divider_position=&#8220;bottom&#8220; bg_image_animation=&#8220;none&#8220; shape_type=&#8220;triangle&#8220;][vc_column column_padding=&#8220;no-extra-padding&#8220; column_padding_tablet=&#8220;inherit&#8220; column_padding_phone=&#8220;inherit&#8220; column_padding_position=&#8220;all&#8220; bottom_margin=&#8220;40px&#8220; column_element_spacing=&#8220;default&#8220; background_color_opacity=&#8220;1&#8243; background_hover_color_opacity=&#8220;1&#8243; column_shadow=&#8220;none&#8220; column_border_radius=&#8220;none&#8220; column_link_target=&#8220;_self&#8220; gradient_direction=&#8220;left_to_right&#8220; overlay_strength=&#8220;0.3&#8243; width=&#8220;1\/1&#8243; tablet_width_inherit=&#8220;default&#8220; tablet_text_alignment=&#8220;default&#8220; phone_text_alignment=&#8220;default&#8220; bg_image_animation=&#8220;none&#8220; enable_animation=&#8220;true&#8220; animation=&#8220;fade-in&#8220; border_type=&#8220;simple&#8220; column_border_width=&#8220;none&#8220; column_border_style=&#8220;solid&#8220;][vc_custom_heading text=&#8220;Eleganz und Gastfreundschaft&#8220; font_container=&#8220;tag:h2|text_align:center&#8220; google_fonts=&#8220;font_family:Roboto%20Slab%3A100%2C300%2Cregular%2C700|font_style:300%20light%20regular%3A300%3Anormal&#8220;][\/vc_column][vc_column column_padding=&#8220;no-extra-padding&#8220; column_padding_tablet=&#8220;inherit&#8220; column_padding_phone=&#8220;inherit&#8220; column_padding_position=&#8220;all&#8220; column_element_spacing=&#8220;default&#8220; background_color_opacity=&#8220;1&#8243; background_hover_color_opacity=&#8220;1&#8243; column_shadow=&#8220;none&#8220; column_border_radius=&#8220;none&#8220; column_link_target=&#8220;_self&#8220; gradient_direction=&#8220;left_to_right&#8220; overlay_strength=&#8220;0.5&#8243; width=&#8220;1\/2&#8243; tablet_width_inherit=&#8220;default&#8220; tablet_text_alignment=&#8220;default&#8220; phone_text_alignment=&#8220;default&#8220; bg_image_animation=&#8220;none&#8220; border_type=&#8220;simple&#8220; column_border_width=&#8220;none&#8220; column_border_style=&#8220;solid&#8220; offset=&#8220;vc_col-xs-12&#8243;][carousel script=&#8220;flickity&#8220; flickity_formatting=&#8220;default&#8220; desktop_cols_flickity=&#8220;1&#8243; desktop_small_cols_flickity=&#8220;1&#8243; tablet_cols_flickity=&#8220;1&#8243; flickity_controls=&#8220;default&#8220; color=&#8220;default&#8220; flickity_overflow=&#8220;hidden&#8220; flickity_wrap_around=&#8220;wrap&#8220; pagination_alignment_flickity=&#8220;default&#8220; flickity_spacing=&#8220;default&#8220; column_padding=&#8220;0&#8243; flickity_element_spacing=&#8220;default&#8220; border_radius=&#8220;none&#8220;][item simple_slider_bg_image_position=&#8220;default&#8220; simple_slider_overlay_strength=&#8220;0.3&#8243; id=&#8220;1635527747-1-11&#8243;][image_with_animation image_url=&#8220;652&#8243; animation=&#8220;Fade In&#8220; hover_animation=&#8220;none&#8220; alignment=&#8220;&#8220; border_radius=&#8220;none&#8220; box_shadow=&#8220;none&#8220; image_loading=&#8220;default&#8220; max_width=&#8220;100%&#8220; max_width_mobile=&#8220;default&#8220;][\/item][item simple_slider_bg_image_position=&#8220;default&#8220; simple_slider_overlay_strength=&#8220;0.3&#8243; id=&#8220;1635527747-2-14&#8243;][image_with_animation image_url=&#8220;637&#8243; animation=&#8220;Fade In&#8220; hover_animation=&#8220;none&#8220; alignment=&#8220;&#8220; border_radius=&#8220;none&#8220; box_shadow=&#8220;none&#8220; image_loading=&#8220;default&#8220; max_width=&#8220;100%&#8220; max_width_mobile=&#8220;default&#8220;][\/item][item simple_slider_bg_image_position=&#8220;default&#8220; simple_slider_overlay_strength=&#8220;0.3&#8243; id=&#8220;1635527747-3-59&#8243;][image_with_animation image_url=&#8220;676&#8243; animation=&#8220;Fade In&#8220; hover_animation=&#8220;none&#8220; alignment=&#8220;&#8220; border_radius=&#8220;none&#8220; box_shadow=&#8220;none&#8220; image_loading=&#8220;default&#8220; max_width=&#8220;100%&#8220; max_width_mobile=&#8220;default&#8220;][\/item][item simple_slider_bg_image_position=&#8220;default&#8220; simple_slider_overlay_strength=&#8220;0.3&#8243; title=&#8220;Sezione&#8220; id=&#8220;811c63bb-f1bb-5&#8243;][image_with_animation image_url=&#8220;664&#8243; animation=&#8220;Fade In&#8220; hover_animation=&#8220;none&#8220; alignment=&#8220;&#8220; border_radius=&#8220;none&#8220; box_shadow=&#8220;none&#8220; image_loading=&#8220;default&#8220; max_width=&#8220;100%&#8220; max_width_mobile=&#8220;default&#8220;][\/item][\/carousel][\/vc_column][vc_column column_padding=&#8220;padding-4-percent&#8220; column_padding_tablet=&#8220;no-extra-padding&#8220; column_padding_phone=&#8220;no-extra-padding&#8220; column_padding_position=&#8220;all&#8220; column_element_spacing=&#8220;default&#8220; background_color_opacity=&#8220;1&#8243; background_hover_color_opacity=&#8220;1&#8243; column_shadow=&#8220;none&#8220; column_border_radius=&#8220;none&#8220; column_link_target=&#8220;_self&#8220; zindex=&#8220;100&#8243; gradient_direction=&#8220;left_t_to_right_b&#8220; overlay_strength=&#8220;0.3&#8243; width=&#8220;1\/2&#8243; tablet_width_inherit=&#8220;default&#8220; tablet_text_alignment=&#8220;default&#8220; phone_text_alignment=&#8220;default&#8220; bg_image_animation=&#8220;none&#8220; enable_animation=&#8220;true&#8220; animation=&#8220;fade-in-from-right&#8220; border_type=&#8220;advanced&#8220; border_left_desktop=&#8220;1&#8243; column_border_color=&#8220;#ddb373&#8243; column_border_style=&#8220;dotted&#8220; offset=&#8220;vc_col-xs-12&#8243;][vc_row_inner column_margin=&#8220;default&#8220; column_direction=&#8220;default&#8220; column_direction_tablet=&#8220;default&#8220; column_direction_phone=&#8220;default&#8220; text_align=&#8220;left&#8220; min_width=&#8220;47vh&#8220;][vc_column_inner column_padding=&#8220;no-extra-padding&#8220; column_padding_tablet=&#8220;inherit&#8220; column_padding_phone=&#8220;inherit&#8220; column_padding_position=&#8220;all&#8220; column_element_spacing=&#8220;5px&#8220; background_color_opacity=&#8220;1&#8243; background_hover_color_opacity=&#8220;1&#8243; column_shadow=&#8220;none&#8220; column_border_radius=&#8220;none&#8220; column_link_target=&#8220;_self&#8220; gradient_direction=&#8220;left_to_right&#8220; overlay_strength=&#8220;0.3&#8243; width=&#8220;1\/1&#8243; tablet_width_inherit=&#8220;default&#8220; bg_image_animation=&#8220;none&#8220; enable_animation=&#8220;true&#8220; animation=&#8220;fade-in-from-bottom&#8220; border_type=&#8220;simple&#8220; column_border_width=&#8220;none&#8220; column_border_style=&#8220;solid&#8220; enable_border_animation=&#8220;true&#8220;][vc_column_text]Unsere <strong>R\u00e4ume<\/strong> und <strong>Wohnungen<\/strong> sind viel <strong>ger\u00e4umig und elegant<\/strong> und befinden sich in einem v\u00f6llig neuen Geb\u00e4ude, das im ersten Sommer 2021 aus einer Vision der Familie entsteht <strong>Rimoldi<\/strong> , die dank <a href=\"https:\/\/mayacaffe.it\"><strong>Kaffeer\u00f6stung Maya Como<\/strong><\/a> und die zahlreichen <strong>Bars und Restaurants<\/strong> positioniert in der <strong>Historisches Zentrum von Como<\/strong> Sie gelten allgemein als Symbol f\u00fcr Gastfreundschaft und Qualit\u00e4t.<\/p>\n<p>Die Zimmer und Appartements sind mit verschiedenen Annehmlichkeiten ausgestattet; von den unz\u00e4hligen<strong> Bad- und Schlafzimmerzubeh\u00f6r<\/strong> , zum<strong> Gratis Wifi<\/strong> in der gesamten Struktur und ausnahmslos ein Auto der<strong> Nespresso-Kaffee<\/strong> mit dem<strong> Caff\u00e8 Maya Como Mischung<\/strong> um Ihren Gaumen zu erfreuen, wann immer Sie wollen.<\/p>\n<p>Die R\u00e4umlichkeiten sind<strong> sorgf\u00e4ltig desinfiziert<\/strong> von unseren Mitarbeitern jeden Morgen und wir halten uns an die beh\u00f6rdlichen Sicherheitsbestimmungen, damit unsere Kunden die Ergebnisse eines Health Self-Control-Protokolls genie\u00dfen k\u00f6nnen, das entwickelt wurde, um eine Kontamination mit dem<strong> Sars Covid19<\/strong> und\/oder Derivate.<\/p>\n<p>Das Anwesen ist umgeben von<strong> Olivenb\u00e4ume, Blaubeeren<\/strong> und andere Produkte von<strong> Landwirtschaft<\/strong> Schaffung einer suggestiven Erfahrung f\u00fcr die Bewohner der Struktur, die sich ausruhen werden<strong> umgeben von Gr\u00fcn<\/strong> .<\/p>\n<div class=\"notranslate\" style=\"all: initial;\"><\/div>\n[\/vc_column_text][\/vc_column_inner][\/vc_row_inner][\/vc_column][\/vc_row][vc_row type=&#8220;full_width_content&#8220; full_screen_row_position=&#8220;middle&#8220; column_margin=&#8220;default&#8220; column_direction=&#8220;default&#8220; column_direction_tablet=&#8220;default&#8220; column_direction_phone=&#8220;default&#8220; bg_color=&#8220;#242424&#8243; scene_position=&#8220;center&#8220; top_padding=&#8220;1%&#8220; bottom_padding=&#8220;5%&#8220; left_padding_desktop=&#8220;15%&#8220; constrain_group_2=&#8220;yes&#8220; right_padding_desktop=&#8220;15%&#8220; text_color=&#8220;light&#8220; text_align=&#8220;left&#8220; row_border_radius=&#8220;none&#8220; row_border_radius_applies=&#8220;bg&#8220; overlay_strength=&#8220;0.5&#8243; gradient_direction=&#8220;left_to_right&#8220; enable_shape_divider=&#8220;true&#8220; shape_divider_color=&#8220;#ffffff&#8220; shape_divider_position=&#8220;top&#8220; bg_image_animation=&#8220;none&#8220; shape_type=&#8220;tilt_alt&#8220;][vc_column column_padding=&#8220;padding-4-percent&#8220; column_padding_tablet=&#8220;inherit&#8220; column_padding_phone=&#8220;inherit&#8220; column_padding_position=&#8220;all&#8220; column_element_spacing=&#8220;default&#8220; background_color_opacity=&#8220;1&#8243; background_hover_color_opacity=&#8220;1&#8243; column_shadow=&#8220;none&#8220; column_border_radius=&#8220;none&#8220; column_link_target=&#8220;_self&#8220; gradient_direction=&#8220;left_to_right&#8220; overlay_strength=&#8220;0.3&#8243; width=&#8220;1\/1&#8243; tablet_width_inherit=&#8220;default&#8220; tablet_text_alignment=&#8220;default&#8220; phone_text_alignment=&#8220;default&#8220; bg_image_animation=&#8220;none&#8220; border_type=&#8220;simple&#8220; column_border_width=&#8220;none&#8220; column_border_style=&#8220;solid&#8220;][vc_custom_heading text=&#8220;Einige Aufnahmen vom Aufbau&#8220; font_container=&#8220;tag:h2|text_align:center&#8220; google_fonts=&#8220;font_family:Roboto%20Slab%3A100%2C300%2Cregular%2C700|font_style:300%20light%20regular%3A300%3Anormal&#8220;][\/vc_column][vc_column column_padding=&#8220;no-extra-padding&#8220; column_padding_tablet=&#8220;inherit&#8220; column_padding_phone=&#8220;inherit&#8220; column_padding_position=&#8220;all&#8220; column_element_spacing=&#8220;default&#8220; background_color_opacity=&#8220;1&#8243; background_hover_color_opacity=&#8220;1&#8243; column_shadow=&#8220;none&#8220; column_border_radius=&#8220;none&#8220; column_link_target=&#8220;_self&#8220; gradient_direction=&#8220;left_to_right&#8220; overlay_strength=&#8220;0.3&#8243; width=&#8220;1\/1&#8243; tablet_width_inherit=&#8220;default&#8220; tablet_text_alignment=&#8220;default&#8220; phone_text_alignment=&#8220;default&#8220; bg_image_animation=&#8220;none&#8220; border_type=&#8220;simple&#8220; column_border_width=&#8220;none&#8220; column_border_style=&#8220;solid&#8220;][vc_gallery type=&#8220;image_grid&#8220; images=&#8220;652,676,578,605,664,555,615,566&#8243; image_grid_loading=&#8220;lazy-load&#8220; layout=&#8220;4&#8243; masonry_style=&#8220;true&#8220; item_spacing=&#8220;default&#8220; gallery_style=&#8220;5&#8243; load_in_animation=&#8220;fade_in&#8220; img_size=&#8220;500&#8243; el_id=&#8220;gallery&#8220;][\/vc_column][\/vc_row]\n","protected":false},"excerpt":{"rendered":"<p>[vc_row type=&#8220;full_width_background&#8220; full_screen_row_position=&#8220;middle&#8220; column_margin=&#8220;default&#8220; equal_height=&#8220;yes&#8220; content_placement=&#8220;middle&#8220; column_direction=&#8220;default&#8220; column_direction_tablet=&#8220;default&#8220; column_direction_phone=&#8220;default&#8220; bg_image=&#8220;676&#8243; bg_position=&#8220;center center&#8220; background_image_loading=&#8220;default&#8220; bg_repeat=&#8220;no-repeat&#8220; scene_position=&#8220;center&#8220; top_padding=&#8220;10%&#8220; constrain_group_1=&#8220;yes&#8220; bottom_padding=&#8220;10%&#8220; text_color=&#8220;light&#8220; text_align=&#8220;center&#8220; row_border_radius=&#8220;none&#8220; row_border_radius_applies=&#8220;bg&#8220; color_overlay=&#8220;#242424&#8243; overlay_strength=&#8220;0.5&#8243; gradient_direction=&#8220;left_to_right&#8220; shape_divider_position=&#8220;bottom&#8220; shape_divider_height=&#8220;350&#8243; bg_image_animation=&#8220;zoom-out-slow&#8220; parallax_bg=&#8220;true&#8220; parallax_bg_speed=&#8220;fast&#8220;&#8230;<\/p>\n","protected":false},"author":1,"featured_media":0,"parent":0,"menu_order":0,"comment_status":"closed","ping_status":"closed","template":"","meta":{"footnotes":""},"class_list":["post-375","page","type-page","status-publish"],"aioseo_notices":[],"_links":{"self":[{"href":"https:\/\/residencecaffemaya.it\/de\/wp-json\/wp\/v2\/pages\/375","targetHints":{"allow":["GET"]}}],"collection":[{"href":"https:\/\/residencecaffemaya.it\/de\/wp-json\/wp\/v2\/pages"}],"about":[{"href":"https:\/\/residencecaffemaya.it\/de\/wp-json\/wp\/v2\/types\/page"}],"author":[{"embeddable":true,"href":"https:\/\/residencecaffemaya.it\/de\/wp-json\/wp\/v2\/users\/1"}],"replies":[{"embeddable":true,"href":"https:\/\/residencecaffemaya.it\/de\/wp-json\/wp\/v2\/comments?post=375"}],"version-history":[{"count":2,"href":"https:\/\/residencecaffemaya.it\/de\/wp-json\/wp\/v2\/pages\/375\/revisions"}],"predecessor-version":[{"id":722,"href":"https:\/\/residencecaffemaya.it\/de\/wp-json\/wp\/v2\/pages\/375\/revisions\/722"}],"wp:attachment":[{"href":"https:\/\/residencecaffemaya.it\/de\/wp-json\/wp\/v2\/media?parent=375"}],"curies":[{"name":"wp","href":"https:\/\/api.w.org\/{rel}","templated":true}]}}