{"id":366,"date":"2021-07-17T15:24:01","date_gmt":"2021-07-17T13:24:01","guid":{"rendered":"https:\/\/residencecaffemaya.it\/servizi\/"},"modified":"2021-12-06T20:26:21","modified_gmt":"2021-12-06T19:26:21","slug":"unsere-dienstleistungen","status":"publish","type":"page","link":"https:\/\/residencecaffemaya.it\/de\/unsere-dienstleistungen\/","title":{"rendered":"Dienstleistungen"},"content":{"rendered":"[vc_row type=&#8220;full_width_background&#8220; full_screen_row_position=&#8220;middle&#8220; column_margin=&#8220;default&#8220; equal_height=&#8220;yes&#8220; content_placement=&#8220;middle&#8220; column_direction=&#8220;default&#8220; column_direction_tablet=&#8220;default&#8220; column_direction_phone=&#8220;default&#8220; bg_image=&#8220;549&#8243; bg_position=&#8220;right bottom&#8220; background_image_loading=&#8220;default&#8220; bg_repeat=&#8220;no-repeat&#8220; scene_position=&#8220;center&#8220; top_padding=&#8220;10%&#8220; constrain_group_1=&#8220;yes&#8220; bottom_padding=&#8220;10%&#8220; text_color=&#8220;light&#8220; text_align=&#8220;center&#8220; row_border_radius=&#8220;none&#8220; row_border_radius_applies=&#8220;bg&#8220; color_overlay=&#8220;#242424&#8243; overlay_strength=&#8220;0.5&#8243; gradient_direction=&#8220;left_to_right&#8220; shape_divider_position=&#8220;bottom&#8220; shape_divider_height=&#8220;350&#8243; bg_image_animation=&#8220;zoom-out-slow&#8220; parallax_bg=&#8220;true&#8220; parallax_bg_speed=&#8220;fast&#8220; shape_type=&#8220;mountains&#8220;][vc_column column_padding=&#8220;no-extra-padding&#8220; column_padding_tablet=&#8220;inherit&#8220; column_padding_phone=&#8220;inherit&#8220; column_padding_position=&#8220;all&#8220; column_element_spacing=&#8220;default&#8220; background_color_opacity=&#8220;1&#8243; background_hover_color_opacity=&#8220;1&#8243; column_shadow=&#8220;none&#8220; column_border_radius=&#8220;none&#8220; column_link_target=&#8220;_self&#8220; gradient_direction=&#8220;left_to_right&#8220; overlay_strength=&#8220;0.3&#8243; width=&#8220;1\/1&#8243; tablet_width_inherit=&#8220;default&#8220; tablet_text_alignment=&#8220;default&#8220; phone_text_alignment=&#8220;default&#8220; bg_image_animation=&#8220;none&#8220; border_type=&#8220;simple&#8220; column_border_width=&#8220;none&#8220; column_border_style=&#8220;solid&#8220;][vc_custom_heading text=&#8220;Entspannen &amp; Ruhe&#8220; font_container=&#8220;tag:h4|text_align:center|color:%23e5e5e5&#8243; google_fonts=&#8220;font_family:Roboto%20Slab%3A100%2C300%2Cregular%2C700|font_style:100%20light%20regular%3A100%3Anormal&#8220; css_animation=&#8220;fadeInDown&#8220; css=&#8220;.vc_custom_1626528342145{padding-bottom: 10px !important;}&#8220;][vc_custom_heading text=&#8220;Dienstleistungen&#8220; font_container=&#8220;tag:h1|font_size:8em|text_align:center&#8220; google_fonts=&#8220;font_family:Great%20Vibes%3Aregular|font_style:400%20regular%3A400%3Anormal&#8220; css_animation=&#8220;fadeIn&#8220; css=&#8220;.vc_custom_1626528320332{padding-top: 13px !important;padding-bottom: 13px !important;}&#8220;][\/vc_column][\/vc_row][vc_row type=&#8220;full_width_content&#8220; full_screen_row_position=&#8220;middle&#8220; column_margin=&#8220;default&#8220; equal_height=&#8220;yes&#8220; content_placement=&#8220;middle&#8220; column_direction=&#8220;default&#8220; column_direction_tablet=&#8220;default&#8220; column_direction_phone=&#8220;default&#8220; bg_color=&#8220;#ffffff&#8220; full_height=&#8220;yes&#8220; scene_position=&#8220;center&#8220; top_padding=&#8220;2%&#8220; constrain_group_1=&#8220;yes&#8220; bottom_padding=&#8220;2%&#8220; left_padding_desktop=&#8220;5%&#8220; constrain_group_2=&#8220;yes&#8220; right_padding_desktop=&#8220;5%&#8220; text_color=&#8220;dark&#8220; text_align=&#8220;left&#8220; row_border_radius=&#8220;none&#8220; row_border_radius_applies=&#8220;bg&#8220; overlay_strength=&#8220;0.3&#8243; gradient_direction=&#8220;left_to_right&#8220; enable_shape_divider=&#8220;true&#8220; shape_divider_position=&#8220;bottom&#8220; bg_image_animation=&#8220;none&#8220; shape_type=&#8220;triangle&#8220;][vc_column column_padding=&#8220;padding-4-percent&#8220; column_padding_tablet=&#8220;inherit&#8220; column_padding_phone=&#8220;inherit&#8220; column_padding_position=&#8220;all&#8220; constrain_group_1=&#8220;yes&#8220; constrain_group_2=&#8220;yes&#8220; column_element_spacing=&#8220;default&#8220; background_color_opacity=&#8220;1&#8243; background_hover_color_opacity=&#8220;1&#8243; background_image=&#8220;262&#8243; background_image_position=&#8220;center center&#8220; background_image_loading=&#8220;default&#8220; column_shadow=&#8220;none&#8220; column_border_radius=&#8220;none&#8220; column_link_target=&#8220;_self&#8220; color_overlay=&#8220;#242424&#8243; gradient_direction=&#8220;left_to_right&#8220; overlay_strength=&#8220;0.5&#8243; width=&#8220;1\/2&#8243; tablet_width_inherit=&#8220;default&#8220; tablet_text_alignment=&#8220;default&#8220; phone_text_alignment=&#8220;default&#8220; bg_image_animation=&#8220;none&#8220; enable_animation=&#8220;true&#8220; animation=&#8220;fade-in-from-right&#8220; parallax_bg=&#8220;true&#8220; parallax_bg_speed=&#8220;very_subtle&#8220; border_type=&#8220;simple&#8220; column_border_width=&#8220;none&#8220; column_border_style=&#8220;solid&#8220; delay=&#8220;200&#8243;][\/vc_column][vc_column column_padding=&#8220;padding-7-percent&#8220; column_padding_tablet=&#8220;inherit&#8220; column_padding_phone=&#8220;inherit&#8220; column_padding_position=&#8220;all&#8220; constrain_group_1=&#8220;yes&#8220; column_element_spacing=&#8220;default&#8220; background_color_opacity=&#8220;1&#8243; background_hover_color_opacity=&#8220;1&#8243; column_shadow=&#8220;none&#8220; column_border_radius=&#8220;none&#8220; column_link_target=&#8220;_self&#8220; gradient_direction=&#8220;left_to_right&#8220; overlay_strength=&#8220;0.3&#8243; width=&#8220;1\/2&#8243; tablet_width_inherit=&#8220;default&#8220; tablet_text_alignment=&#8220;default&#8220; phone_text_alignment=&#8220;default&#8220; bg_image_animation=&#8220;fade-in&#8220; enable_animation=&#8220;true&#8220; animation=&#8220;fade-in-from-right&#8220; border_type=&#8220;advanced&#8220; border_left_desktop=&#8220;1px&#8220; column_border_color=&#8220;#ddbb87&#8243; column_border_style=&#8220;dashed&#8220; delay=&#8220;500&#8243;]<div class=\"nectar-fancy-ul\" data-list-icon=\"fa fa-check-square-o\" data-animation=\"false\" data-animation-delay=\"0\" data-color=\"accent-color\" data-spacing=\"5px\" data-alignment=\"left\"> \n<h2 style=\"font-family: Great Vibes;\">Unsere Dienstleistungen.<\/h2>\n<p>Unser Ziel ist es, unseren Kunden jeden erdenklichen Komfort zu bieten und ihre Bed\u00fcrfnisse zu befriedigen. Ob Reisende oder Urlauber, f\u00fcr einen Zwischenstopp oder einen l\u00e4ngeren Aufenthalt, f\u00fcr <strong>Residence Caff\u00e8 Maya<\/strong> ist es wichtig, dem Erlebnis eine hervorragende Erinnerung zu verleihen.<\/p>\n<ul>\n<li><strong>Kostenlose \u00fcberdachte Parkpl\u00e4tze<\/strong> mit Video\u00fcberwachung und kostenlose Parkpl\u00e4tze f\u00fcr Behinderte<\/li>\n<li><strong>Gep\u00e4cklagerung<\/strong><\/li>\n<li>T\u00e4glicher <strong>Hygieneservice<\/strong> , <strong>Waschmaschine und Trockner<\/strong><\/li>\n<li><strong>Unternehmensservice<\/strong> (Fax \/ Fotokopierer)<\/li>\n<li>UHD 4K 50-Zoll-Fernseher in jeder Wohnl\u00f6sung<\/li>\n<li>Kostenlose <strong>WLAN-<\/strong> Verbindung<\/li>\n<li><strong>Minibar und Nespresso-Kaffeemaschine<\/strong> mit Maya-Kaffeepads<\/li>\n<li>Sicherheitsdienste einschlie\u00dflich <strong>Safe, Feuerl\u00f6scher und \u00dcberwachungskameras<\/strong> au\u00dferhalb des Geb\u00e4udes.<\/li>\n<li><strong>Klimaanlage und Heizung<\/strong> mit digitaler Steuerung<\/li>\n<li><strong>Raucherbereich<\/strong><\/li>\n<li>Zimmer oder Appartements f\u00fcr <strong>Raucher<\/strong> und <strong>Nichtraucher<\/strong><\/li>\n<li>Badezimmer mit <strong>gro\u00dfen Duschen und Walk-in<\/strong> f\u00fcr \u00e4ltere oder behinderte Menschen, <strong>Haartrockner<\/strong> , <strong>Kosmetikspiegel<\/strong> und pers\u00f6nlicher H\u00f6flichkeitslinie. <strong>Toilette mit Haltegriffen<\/strong> und <strong>rollstuhlgerecht<\/strong> .<\/li>\n<li>Balkon oder Terrasse<\/li>\n<li>Gemeinsamer <strong>gro\u00dfer Obstgarten<\/strong> und <strong>Gr\u00fcnfl\u00e4chen<\/strong><\/li>\n<li>&amp; Brombeeren<\/li>\n<\/ul>\n<p>Ein bunter <strong>Obstgarten<\/strong> umgibt das Anwesen, damit <strong>Kinder sich<\/strong> <strong>in der von Kirsch- und Heidelbeerbl\u00fcten gef\u00e4rbten Natur in<\/strong> Ruhe vergn\u00fcgen k\u00f6nnen <\/div>[\/vc_column][\/vc_row][vc_row type=&#8220;full_width_content&#8220; full_screen_row_position=&#8220;middle&#8220; column_margin=&#8220;90px&#8220; column_direction=&#8220;reverse&#8220; column_direction_tablet=&#8220;row_reverse&#8220; column_direction_phone=&#8220;row_reverse&#8220; bg_color=&#8220;#ffffff&#8220; scene_position=&#8220;center&#8220; top_padding=&#8220;6%&#8220; bottom_padding=&#8220;2%&#8220; left_padding_desktop=&#8220;8%&#8220; constrain_group_2=&#8220;yes&#8220; right_padding_desktop=&#8220;8%&#8220; top_padding_tablet=&#8220;10%&#8220; bottom_padding_tablet=&#8220;8%&#8220; left_padding_tablet=&#8220;0&#8243; constrain_group_4=&#8220;yes&#8220; right_padding_tablet=&#8220;0&#8243; text_color=&#8220;dark&#8220; text_align=&#8220;left&#8220; row_border_radius=&#8220;none&#8220; row_border_radius_applies=&#8220;bg&#8220; overlay_strength=&#8220;0.3&#8243; gradient_direction=&#8220;left_to_right&#8220; shape_divider_position=&#8220;both&#8220; shape_divider_height=&#8220;50%&#8220; shape_divider_height_tablet=&#8220;75%&#8220; bg_image_animation=&#8220;none&#8220; shape_type=&#8220;tilt_alt&#8220;][vc_column column_padding=&#8220;padding-1-percent&#8220; column_padding_tablet=&#8220;no-extra-padding&#8220; column_padding_phone=&#8220;no-extra-padding&#8220; column_padding_position=&#8220;left-right&#8220; top_margin_tablet=&#8220;20&#8243; column_element_spacing=&#8220;10px&#8220; background_color_opacity=&#8220;1&#8243; background_hover_color_opacity=&#8220;1&#8243; column_shadow=&#8220;none&#8220; column_border_radius=&#8220;none&#8220; column_link_target=&#8220;_self&#8220; gradient_direction=&#8220;left_to_right&#8220; overlay_strength=&#8220;0.3&#8243; width=&#8220;1\/4&#8243; tablet_width_inherit=&#8220;default&#8220; tablet_text_alignment=&#8220;default&#8220; phone_text_alignment=&#8220;default&#8220; bg_image_animation=&#8220;none&#8220; border_type=&#8220;simple&#8220; column_border_width=&#8220;none&#8220; column_border_style=&#8220;solid&#8220;][vc_row_inner column_margin=&#8220;default&#8220; column_direction=&#8220;default&#8220; column_direction_tablet=&#8220;default&#8220; column_direction_phone=&#8220;default&#8220; text_align=&#8220;left&#8220;][vc_column_inner column_padding=&#8220;no-extra-padding&#8220; column_padding_tablet=&#8220;inherit&#8220; column_padding_phone=&#8220;inherit&#8220; column_padding_position=&#8220;all&#8220; column_element_spacing=&#8220;0px&#8220; background_color_opacity=&#8220;1&#8243; background_hover_color_opacity=&#8220;1&#8243; background_image=&#8220;643&#8243; background_image_position=&#8220;center center&#8220; enable_bg_scale=&#8220;true&#8220; background_image_loading=&#8220;default&#8220; font_color=&#8220;#ffffff&#8220; column_shadow=&#8220;none&#8220; column_border_radius=&#8220;none&#8220; column_link_target=&#8220;_self&#8220; color_overlay=&#8220;rgba(221,205,181,0.22)&#8220; gradient_direction=&#8220;top_to_bottom&#8220; overlay_strength=&#8220;0.3&#8243; width=&#8220;1\/1&#8243; tablet_width_inherit=&#8220;default&#8220; bg_image_animation=&#8220;none&#8220; parallax_bg=&#8220;true&#8220; parallax_bg_speed=&#8220;very_subtle&#8220; border_type=&#8220;simple&#8220; column_border_width=&#8220;none&#8220; column_border_style=&#8220;solid&#8220;][divider line_type=&#8220;No Line&#8220; custom_height=&#8220;60vh&#8220; custom_height_phone=&#8220;200&#8243;][\/vc_column_inner][\/vc_row_inner][vc_custom_heading text=&#8220;F\u00fcr ihn und f\u00fcr sie&#8220; font_container=&#8220;tag:h2|font_size:5em|text_align:center|color:rgba(229%2C229%2C229%2C0.33)&#8220; google_fonts=&#8220;font_family:Great%20Vibes%3Aregular|font_style:400%20regular%3A400%3Anormal&#8220;][vc_custom_heading text=&#8220;Elegant und ger\u00e4umig mit viel Komfort&#8220; font_container=&#8220;tag:h2|text_align:center&#8220; google_fonts=&#8220;font_family:Roboto%20Slab%3A100%2C300%2Cregular%2C700|font_style:300%20light%20regular%3A300%3Anormal&#8220; css=&#8220;.vc_custom_1635528865597{margin-top: -40px !important;}&#8220;][\/vc_column][vc_column column_padding=&#8220;padding-1-percent&#8220; column_padding_tablet=&#8220;no-extra-padding&#8220; column_padding_phone=&#8220;no-extra-padding&#8220; column_padding_position=&#8220;left-right&#8220; column_element_spacing=&#8220;10px&#8220; background_color_opacity=&#8220;1&#8243; background_hover_color_opacity=&#8220;1&#8243; column_shadow=&#8220;none&#8220; column_border_radius=&#8220;none&#8220; column_link_target=&#8220;_self&#8220; gradient_direction=&#8220;left_to_right&#8220; overlay_strength=&#8220;0.3&#8243; width=&#8220;1\/4&#8243; tablet_width_inherit=&#8220;default&#8220; tablet_text_alignment=&#8220;default&#8220; phone_text_alignment=&#8220;default&#8220; bg_image_animation=&#8220;none&#8220; border_type=&#8220;simple&#8220; column_border_width=&#8220;none&#8220; column_border_style=&#8220;solid&#8220;][vc_custom_heading text=&#8220;Barrierefreiheit&#8220; font_container=&#8220;tag:h2|font_size:5em|text_align:center|color:rgba(229%2C229%2C229%2C0.33)&#8220; google_fonts=&#8220;font_family:Great%20Vibes%3Aregular|font_style:400%20regular%3A400%3Anormal&#8220;][vc_custom_heading text=&#8220;Um allen m\u00f6glichen Komfort f\u00fcr jedermann zu gew\u00e4hrleisten&#8220; font_container=&#8220;tag:h2|text_align:center&#8220; google_fonts=&#8220;font_family:Roboto%20Slab%3A100%2C300%2Cregular%2C700|font_style:300%20light%20regular%3A300%3Anormal&#8220; css=&#8220;.vc_custom_1626886978639{margin-top: -40px !important;}&#8220;][vc_row_inner column_margin=&#8220;default&#8220; column_direction=&#8220;default&#8220; column_direction_tablet=&#8220;default&#8220; column_direction_phone=&#8220;default&#8220; text_align=&#8220;left&#8220; css=&#8220;.vc_custom_1626530785604{padding-bottom: 4% !important;}&#8220;][vc_column_inner column_padding=&#8220;no-extra-padding&#8220; column_padding_tablet=&#8220;inherit&#8220; column_padding_phone=&#8220;inherit&#8220; column_padding_position=&#8220;all&#8220; column_element_spacing=&#8220;0px&#8220; background_color_opacity=&#8220;1&#8243; background_hover_color_opacity=&#8220;1&#8243; background_image=&#8220;670&#8243; background_image_position=&#8220;center bottom&#8220; enable_bg_scale=&#8220;true&#8220; background_image_loading=&#8220;default&#8220; font_color=&#8220;#ffffff&#8220; column_shadow=&#8220;none&#8220; column_border_radius=&#8220;none&#8220; column_link_target=&#8220;_self&#8220; color_overlay=&#8220;rgba(221,205,181,0.22)&#8220; gradient_direction=&#8220;top_to_bottom&#8220; overlay_strength=&#8220;0.5&#8243; width=&#8220;1\/1&#8243; tablet_width_inherit=&#8220;default&#8220; bg_image_animation=&#8220;none&#8220; parallax_bg=&#8220;true&#8220; parallax_bg_speed=&#8220;very_subtle&#8220; border_type=&#8220;simple&#8220; column_border_width=&#8220;none&#8220; column_border_style=&#8220;solid&#8220;][divider line_type=&#8220;No Line&#8220; custom_height=&#8220;60vh&#8220; custom_height_phone=&#8220;200&#8243;][\/vc_column_inner][\/vc_row_inner][\/vc_column][vc_column column_padding=&#8220;padding-1-percent&#8220; column_padding_tablet=&#8220;inherit&#8220; column_padding_phone=&#8220;inherit&#8220; column_padding_position=&#8220;all&#8220; column_element_spacing=&#8220;default&#8220; background_color_opacity=&#8220;1&#8243; background_hover_color_opacity=&#8220;1&#8243; column_shadow=&#8220;none&#8220; column_border_radius=&#8220;none&#8220; column_link_target=&#8220;_self&#8220; gradient_direction=&#8220;left_to_right&#8220; overlay_strength=&#8220;0.3&#8243; width=&#8220;1\/4&#8243; tablet_width_inherit=&#8220;default&#8220; tablet_text_alignment=&#8220;default&#8220; phone_text_alignment=&#8220;default&#8220; bg_image_animation=&#8220;none&#8220; border_type=&#8220;simple&#8220; column_border_width=&#8220;none&#8220; column_border_style=&#8220;solid&#8220;][vc_row_inner column_margin=&#8220;default&#8220; column_direction=&#8220;default&#8220; column_direction_tablet=&#8220;default&#8220; column_direction_phone=&#8220;default&#8220; text_align=&#8220;left&#8220;][vc_column_inner column_padding=&#8220;no-extra-padding&#8220; column_padding_tablet=&#8220;inherit&#8220; column_padding_phone=&#8220;inherit&#8220; column_padding_position=&#8220;all&#8220; column_element_spacing=&#8220;default&#8220; background_color_opacity=&#8220;1&#8243; background_hover_color_opacity=&#8220;1&#8243; background_image=&#8220;558&#8243; background_image_position=&#8220;center center&#8220; background_image_loading=&#8220;default&#8220; column_shadow=&#8220;none&#8220; column_border_radius=&#8220;none&#8220; column_link_target=&#8220;_self&#8220; gradient_direction=&#8220;left_to_right&#8220; overlay_strength=&#8220;0.3&#8243; width=&#8220;1\/1&#8243; tablet_width_inherit=&#8220;default&#8220; bg_image_animation=&#8220;none&#8220; parallax_bg=&#8220;true&#8220; parallax_bg_speed=&#8220;very_subtle&#8220; border_type=&#8220;simple&#8220; column_border_width=&#8220;none&#8220; column_border_style=&#8220;solid&#8220;][divider line_type=&#8220;No Line&#8220; custom_height=&#8220;60vh&#8220; custom_height_phone=&#8220;200&#8243;][\/vc_column_inner][\/vc_row_inner][vc_custom_heading text=&#8220;Zimmer Wohnung&#8220; font_container=&#8220;tag:h2|font_size:5em|text_align:center|color:rgba(229%2C229%2C229%2C0.33)&#8220; google_fonts=&#8220;font_family:Great%20Vibes%3Aregular|font_style:400%20regular%3A400%3Anormal&#8220;][vc_custom_heading text=&#8220;Zimmer oder Apartments f\u00fcr kurze oder l\u00e4ngere Aufenthalte.&#8220; font_container=&#8220;tag:h2|text_align:center&#8220; google_fonts=&#8220;font_family:Roboto%20Slab%3A100%2C300%2Cregular%2C700|font_style:300%20light%20regular%3A300%3Anormal&#8220; css=&#8220;.vc_custom_1626531101752{margin-top: -40px !important;}&#8220;][\/vc_column][vc_column column_padding=&#8220;no-extra-padding&#8220; column_padding_tablet=&#8220;inherit&#8220; column_padding_phone=&#8220;inherit&#8220; column_padding_position=&#8220;all&#8220; column_element_spacing=&#8220;default&#8220; background_color_opacity=&#8220;1&#8243; background_hover_color_opacity=&#8220;1&#8243; column_shadow=&#8220;none&#8220; column_border_radius=&#8220;none&#8220; column_link_target=&#8220;_self&#8220; gradient_direction=&#8220;left_to_right&#8220; overlay_strength=&#8220;0.3&#8243; width=&#8220;1\/4&#8243; tablet_width_inherit=&#8220;default&#8220; tablet_text_alignment=&#8220;default&#8220; phone_text_alignment=&#8220;default&#8220; bg_image_animation=&#8220;none&#8220; border_type=&#8220;simple&#8220; column_border_width=&#8220;none&#8220; column_border_style=&#8220;solid&#8220;][vc_custom_heading text=&#8220;Gr\u00fcn &amp; Ruhig&#8220; font_container=&#8220;tag:h2|font_size:5em|text_align:center|color:rgba(229%2C229%2C229%2C0.33)&#8220; google_fonts=&#8220;font_family:Great%20Vibes%3Aregular|font_style:400%20regular%3A400%3Anormal&#8220;][vc_custom_heading text=&#8220;Eingebettet ins Gr\u00fcne und strategisch positioniert zwischen den Wundern Norditaliens&#8220; font_container=&#8220;tag:h2|text_align:center&#8220; google_fonts=&#8220;font_family:Roboto%20Slab%3A100%2C300%2Cregular%2C700|font_style:300%20light%20regular%3A300%3Anormal&#8220; css=&#8220;.vc_custom_1626531034770{margin-top: -40px !important;}&#8220;][vc_row_inner column_margin=&#8220;default&#8220; column_direction=&#8220;default&#8220; column_direction_tablet=&#8220;default&#8220; column_direction_phone=&#8220;default&#8220; text_align=&#8220;left&#8220;][vc_column_inner column_padding=&#8220;no-extra-padding&#8220; column_padding_tablet=&#8220;inherit&#8220; column_padding_phone=&#8220;inherit&#8220; column_padding_position=&#8220;all&#8220; column_element_spacing=&#8220;default&#8220; background_color_opacity=&#8220;1&#8243; background_hover_color_opacity=&#8220;1&#8243; background_image=&#8220;108&#8243; background_image_position=&#8220;left center&#8220; background_image_loading=&#8220;default&#8220; column_shadow=&#8220;none&#8220; column_border_radius=&#8220;none&#8220; column_link_target=&#8220;_self&#8220; gradient_direction=&#8220;left_to_right&#8220; overlay_strength=&#8220;0.3&#8243; width=&#8220;1\/1&#8243; tablet_width_inherit=&#8220;default&#8220; bg_image_animation=&#8220;none&#8220; parallax_bg=&#8220;true&#8220; parallax_bg_speed=&#8220;very_subtle&#8220; border_type=&#8220;simple&#8220; column_border_width=&#8220;none&#8220; column_border_style=&#8220;solid&#8220;][divider line_type=&#8220;No Line&#8220; custom_height=&#8220;60vh&#8220; custom_height_phone=&#8220;200&#8243;][\/vc_column_inner][\/vc_row_inner][\/vc_column][\/vc_row][vc_row type=&#8220;full_width_background&#8220; full_screen_row_position=&#8220;middle&#8220; column_margin=&#8220;none&#8220; equal_height=&#8220;yes&#8220; column_direction=&#8220;default&#8220; column_direction_tablet=&#8220;default&#8220; column_direction_phone=&#8220;default&#8220; bg_color=&#8220;#242424&#8243; scene_position=&#8220;center&#8220; top_padding=&#8220;6%&#8220; bottom_padding=&#8220;6%&#8220; left_padding_desktop=&#8220;6%&#8220; constrain_group_2=&#8220;yes&#8220; right_padding_desktop=&#8220;6%&#8220; top_padding_tablet=&#8220;7%&#8220; bottom_padding_tablet=&#8220;10%&#8220; text_color=&#8220;light&#8220; text_align=&#8220;left&#8220; row_border_radius=&#8220;none&#8220; row_border_radius_applies=&#8220;bg&#8220; id=&#8220;impact&#8220; overlay_strength=&#8220;0.3&#8243; gradient_direction=&#8220;left_to_right&#8220; shape_divider_color=&#8220;#ffffff&#8220; shape_divider_position=&#8220;both&#8220; shape_divider_height=&#8220;50%&#8220; bg_image_animation=&#8220;none&#8220; shape_type=&#8220;tilt&#8220;][vc_column column_padding=&#8220;no-extra-padding&#8220; column_padding_tablet=&#8220;inherit&#8220; column_padding_phone=&#8220;inherit&#8220; column_padding_position=&#8220;all&#8220; column_element_spacing=&#8220;default&#8220; background_color_opacity=&#8220;1&#8243; background_hover_color_opacity=&#8220;1&#8243; column_shadow=&#8220;none&#8220; column_border_radius=&#8220;none&#8220; column_link_target=&#8220;_self&#8220; gradient_direction=&#8220;left_to_right&#8220; overlay_strength=&#8220;0.3&#8243; width=&#8220;1\/1&#8243; tablet_width_inherit=&#8220;default&#8220; tablet_text_alignment=&#8220;default&#8220; phone_text_alignment=&#8220;default&#8220; bg_image_animation=&#8220;none&#8220; border_type=&#8220;simple&#8220; column_border_width=&#8220;none&#8220; column_border_style=&#8220;solid&#8220;][nectar_highlighted_text color_type=&#8220;regular&#8220; text_color=&#8220;#ffffff&#8220; style=&#8220;regular_underline&#8220; highlight_expansion=&#8220;default&#8220; underline_thickness=&#8220;default&#8220; text_outline_color=&#8220;#000000&#8243; text=&#8220;9vh&#8220; custom_font_size=&#8220;11vh&#8220;]\n<h1 style=\"text-align: center; font-family: great vibes;\"><em>Taxi Boat<br \/>\n<\/em><\/h1>\n[\/nectar_highlighted_text][vc_custom_heading text=&#8220;Wir bieten verschiedene L\u00f6sungen f\u00fcr Ihre Freizeit.&#8220; font_container=&#8220;tag:h2|text_align:center&#8220; google_fonts=&#8220;font_family:Roboto%20Slab%3A100%2C300%2Cregular%2C700|font_style:300%20light%20regular%3A300%3Anormal&#8220;][vc_column_text css=&#8220;.vc_custom_1627496853452{padding-bottom: 40px !important;}&#8220;]\n<p style=\"text-align: center;\">Bootsverleih mit oder ohne Fahrer f\u00fcr eine romantische oder abenteuerliche Tour, bei der Sie die eindrucksvollsten Orte des Comer Sees an Bord erkunden k\u00f6nnen.<\/p>\n[\/vc_column_text][vc_gallery type=&#8220;flickity_static_height_style&#8220; images=&#8220;796,793,790,787,784,781,778,775,772,769,766,763&#8243; flickity_spacing=&#8220;10px&#8220; flickity_controls=&#8220;pagination&#8220; flickity_overflow=&#8220;visible&#8220; flickity_wrap_around=&#8220;wrap&#8220; flickity_image_scale_on_drag=&#8220;true&#8220; flickity_free_scroll=&#8220;true&#8220; flickity_autoplay=&#8220;true&#8220; flickity_box_shadow=&#8220;none&#8220; image_loading=&#8220;default&#8220; onclick=&#8220;link_no&#8220;][\/vc_column][\/vc_row]\n","protected":false},"excerpt":{"rendered":"<p>[vc_row type=&#8220;full_width_background&#8220; full_screen_row_position=&#8220;middle&#8220; column_margin=&#8220;default&#8220; equal_height=&#8220;yes&#8220; content_placement=&#8220;middle&#8220; column_direction=&#8220;default&#8220; column_direction_tablet=&#8220;default&#8220; column_direction_phone=&#8220;default&#8220; bg_image=&#8220;549&#8243; bg_position=&#8220;right bottom&#8220; background_image_loading=&#8220;default&#8220; bg_repeat=&#8220;no-repeat&#8220; scene_position=&#8220;center&#8220; top_padding=&#8220;10%&#8220; constrain_group_1=&#8220;yes&#8220; bottom_padding=&#8220;10%&#8220; text_color=&#8220;light&#8220; text_align=&#8220;center&#8220; row_border_radius=&#8220;none&#8220; row_border_radius_applies=&#8220;bg&#8220; color_overlay=&#8220;#242424&#8243; overlay_strength=&#8220;0.5&#8243; gradient_direction=&#8220;left_to_right&#8220; shape_divider_position=&#8220;bottom&#8220; shape_divider_height=&#8220;350&#8243; bg_image_animation=&#8220;zoom-out-slow&#8220; parallax_bg=&#8220;true&#8220; parallax_bg_speed=&#8220;fast&#8220;&#8230;<\/p>\n","protected":false},"author":1,"featured_media":0,"parent":0,"menu_order":0,"comment_status":"closed","ping_status":"closed","template":"","meta":{"footnotes":""},"class_list":["post-366","page","type-page","status-publish"],"aioseo_notices":[],"_links":{"self":[{"href":"https:\/\/residencecaffemaya.it\/de\/wp-json\/wp\/v2\/pages\/366","targetHints":{"allow":["GET"]}}],"collection":[{"href":"https:\/\/residencecaffemaya.it\/de\/wp-json\/wp\/v2\/pages"}],"about":[{"href":"https:\/\/residencecaffemaya.it\/de\/wp-json\/wp\/v2\/types\/page"}],"author":[{"embeddable":true,"href":"https:\/\/residencecaffemaya.it\/de\/wp-json\/wp\/v2\/users\/1"}],"replies":[{"embeddable":true,"href":"https:\/\/residencecaffemaya.it\/de\/wp-json\/wp\/v2\/comments?post=366"}],"version-history":[{"count":3,"href":"https:\/\/residencecaffemaya.it\/de\/wp-json\/wp\/v2\/pages\/366\/revisions"}],"predecessor-version":[{"id":802,"href":"https:\/\/residencecaffemaya.it\/de\/wp-json\/wp\/v2\/pages\/366\/revisions\/802"}],"wp:attachment":[{"href":"https:\/\/residencecaffemaya.it\/de\/wp-json\/wp\/v2\/media?parent=366"}],"curies":[{"name":"wp","href":"https:\/\/api.w.org\/{rel}","templated":true}]}}